{"id":1512,"date":"2023-03-05T19:11:52","date_gmt":"2023-03-05T18:11:52","guid":{"rendered":"https:\/\/bmyachting.fr\/?page_id=1512"},"modified":"2023-03-27T09:21:18","modified_gmt":"2023-03-27T07:21:18","slug":"manutentions","status":"publish","type":"page","link":"https:\/\/bmyachting.fr\/en\/travel-lift\/","title":{"rendered":"Travel lift"},"content":{"rendered":"<div data-elementor-type=\"wp-page\" data-elementor-id=\"1512\" class=\"elementor elementor-1512\">\n\t\t\t\t\t\t\t\t\t<section class=\"elementor-section elementor-top-section elementor-element elementor-element-40d0a688 elementor-section-height-min-height elementor-section-boxed elementor-section-height-default elementor-section-items-middle\" data-id=\"40d0a688\" data-element_type=\"section\" data-settings=\"{&quot;background_background&quot;:&quot;classic&quot;}\">\n\t\t\t\t\t\t\t<div class=\"elementor-background-overlay\"><\/div>\n\t\t\t\t\t\t\t<div class=\"elementor-container elementor-column-gap-extended\">\n\t\t\t\t\t<div class=\"elementor-column elementor-col-100 elementor-top-column elementor-element elementor-element-7ed22d8a\" data-id=\"7ed22d8a\" data-element_type=\"column\">\n\t\t\t<div class=\"elementor-widget-wrap elementor-element-populated\">\n\t\t\t\t\t\t\t\t<div class=\"elementor-element elementor-element-2e78e7a2 elementor-widget elementor-widget-page-title\" data-id=\"2e78e7a2\" data-element_type=\"widget\" data-settings=\"{&quot;align&quot;:&quot;center&quot;}\" data-widget_type=\"page-title.default\">\n\t\t\t\t<div class=\"elementor-widget-container\">\n\t\t\t\t\t\n\t\t<div class=\"hfe-page-title hfe-page-title-wrapper elementor-widget-heading\">\n\n\t\t\t\t\t\t\t\t<h1 class=\"elementor-heading-title elementor-size-default\">\n\t\t\t\t\t\t\t\t\n\t\t\t\tTravel lift  \n\t\t\t<\/h1> \n\t\t\t\t\t<\/div>\n\t\t\t\t<\/div>\n\t\t\t\t<\/div>\n\t\t\t\t<div class=\"elementor-element elementor-element-2e15201f elementor-icon-list--layout-inline elementor-align-center elementor-list-item-link-full_width elementor-invisible elementor-widget elementor-widget-icon-list\" data-id=\"2e15201f\" data-element_type=\"widget\" data-settings=\"{&quot;_animation&quot;:&quot;fadeIn&quot;,&quot;_animation_delay&quot;:200}\" data-widget_type=\"icon-list.default\">\n\t\t\t\t<div class=\"elementor-widget-container\">\n\t\t\t<link rel=\"stylesheet\" href=\"https:\/\/bmyachting.fr\/wp-content\/plugins\/elementor\/assets\/css\/widget-icon-list.min.css\">\t\t<ul class=\"elementor-icon-list-items elementor-inline-items\">\n\t\t\t\t\t\t\t<li class=\"elementor-icon-list-item elementor-inline-item\">\n\t\t\t\t\t\t\t\t\t\t\t<a href=\"\/en\/\">\n\n\t\t\t\t\t\t\t\t\t\t\t<span class=\"elementor-icon-list-text\">Home<\/span>\n\t\t\t\t\t\t\t\t\t\t\t<\/a>\n\t\t\t\t\t\t\t\t\t<\/li>\n\t\t\t\t\t\t\t\t<li class=\"elementor-icon-list-item elementor-inline-item\">\n\t\t\t\t\t\t\t\t\t\t\t<span class=\"elementor-icon-list-icon\">\n\t\t\t\t\t\t\t<i aria-hidden=\"true\" class=\"icon icon-right-arrow2\"><\/i>\t\t\t\t\t\t<\/span>\n\t\t\t\t\t\t\t\t\t\t<span class=\"elementor-icon-list-text\">Travel lift<\/span>\n\t\t\t\t\t\t\t\t\t<\/li>\n\t\t\t\t\t\t<\/ul>\n\t\t\t\t<\/div>\n\t\t\t\t<\/div>\n\t\t\t\t\t<\/div>\n\t\t<\/div>\n\t\t\t\t\t\t\t<\/div>\n\t\t<\/section>\n\t\t\t\t<section class=\"elementor-section elementor-top-section elementor-element elementor-element-81a2536 elementor-reverse-mobile elementor-section-boxed elementor-section-height-default elementor-section-height-default\" data-id=\"81a2536\" data-element_type=\"section\" data-settings=\"{&quot;background_background&quot;:&quot;classic&quot;}\">\n\t\t\t\t\t\t\t<div class=\"elementor-background-overlay\"><\/div>\n\t\t\t\t\t\t\t<div class=\"elementor-container elementor-column-gap-extended\">\n\t\t\t\t\t<div class=\"elementor-column elementor-col-100 elementor-top-column elementor-element elementor-element-6161730\" data-id=\"6161730\" data-element_type=\"column\" data-settings=\"{&quot;background_background&quot;:&quot;classic&quot;}\">\n\t\t\t<div class=\"elementor-widget-wrap elementor-element-populated\">\n\t\t\t\t\t\t\t\t<div class=\"elementor-element elementor-element-1725d7e elementor-widget-divider--view-line_text elementor-widget-divider--element-align-right elementor-invisible elementor-widget elementor-widget-divider\" data-id=\"1725d7e\" data-element_type=\"widget\" data-settings=\"{&quot;_animation&quot;:&quot;fadeIn&quot;}\" data-widget_type=\"divider.default\">\n\t\t\t\t<div class=\"elementor-widget-container\">\n\t\t\t<style>\/*! elementor - v3.17.0 - 08-11-2023 *\/\n.elementor-widget-divider{--divider-border-style:none;--divider-border-width:1px;--divider-color:#0c0d0e;--divider-icon-size:20px;--divider-element-spacing:10px;--divider-pattern-height:24px;--divider-pattern-size:20px;--divider-pattern-url:none;--divider-pattern-repeat:repeat-x}.elementor-widget-divider .elementor-divider{display:flex}.elementor-widget-divider .elementor-divider__text{font-size:15px;line-height:1;max-width:95%}.elementor-widget-divider .elementor-divider__element{margin:0 var(--divider-element-spacing);flex-shrink:0}.elementor-widget-divider .elementor-icon{font-size:var(--divider-icon-size)}.elementor-widget-divider .elementor-divider-separator{display:flex;margin:0;direction:ltr}.elementor-widget-divider--view-line_icon .elementor-divider-separator,.elementor-widget-divider--view-line_text .elementor-divider-separator{align-items:center}.elementor-widget-divider--view-line_icon .elementor-divider-separator:after,.elementor-widget-divider--view-line_icon .elementor-divider-separator:before,.elementor-widget-divider--view-line_text .elementor-divider-separator:after,.elementor-widget-divider--view-line_text .elementor-divider-separator:before{display:block;content:\"\";border-bottom:0;flex-grow:1;border-top:var(--divider-border-width) var(--divider-border-style) var(--divider-color)}.elementor-widget-divider--element-align-left .elementor-divider .elementor-divider-separator>.elementor-divider__svg:first-of-type{flex-grow:0;flex-shrink:100}.elementor-widget-divider--element-align-left .elementor-divider-separator:before{content:none}.elementor-widget-divider--element-align-left .elementor-divider__element{margin-left:0}.elementor-widget-divider--element-align-right .elementor-divider .elementor-divider-separator>.elementor-divider__svg:last-of-type{flex-grow:0;flex-shrink:100}.elementor-widget-divider--element-align-right .elementor-divider-separator:after{content:none}.elementor-widget-divider--element-align-right .elementor-divider__element{margin-right:0}.elementor-widget-divider:not(.elementor-widget-divider--view-line_text):not(.elementor-widget-divider--view-line_icon) .elementor-divider-separator{border-top:var(--divider-border-width) var(--divider-border-style) var(--divider-color)}.elementor-widget-divider--separator-type-pattern{--divider-border-style:none}.elementor-widget-divider--separator-type-pattern.elementor-widget-divider--view-line .elementor-divider-separator,.elementor-widget-divider--separator-type-pattern:not(.elementor-widget-divider--view-line) .elementor-divider-separator:after,.elementor-widget-divider--separator-type-pattern:not(.elementor-widget-divider--view-line) .elementor-divider-separator:before,.elementor-widget-divider--separator-type-pattern:not([class*=elementor-widget-divider--view]) .elementor-divider-separator{width:100%;min-height:var(--divider-pattern-height);-webkit-mask-size:var(--divider-pattern-size) 100%;mask-size:var(--divider-pattern-size) 100%;-webkit-mask-repeat:var(--divider-pattern-repeat);mask-repeat:var(--divider-pattern-repeat);background-color:var(--divider-color);-webkit-mask-image:var(--divider-pattern-url);mask-image:var(--divider-pattern-url)}.elementor-widget-divider--no-spacing{--divider-pattern-size:auto}.elementor-widget-divider--bg-round{--divider-pattern-repeat:round}.rtl .elementor-widget-divider .elementor-divider__text{direction:rtl}.e-con-inner>.elementor-widget-divider,.e-con>.elementor-widget-divider{width:var(--container-widget-width,100%);--flex-grow:var(--container-widget-flex-grow)}<\/style>\t\t<div class=\"elementor-divider\">\n\t\t\t<span class=\"elementor-divider-separator\">\n\t\t\t\t\t\t\t<span class=\"elementor-divider__text elementor-divider__element\">\n\t\t\t\tbm yachting in theoule-sur-mer\t\t\t\t<\/span>\n\t\t\t\t\t\t<\/span>\n\t\t<\/div>\n\t\t\t\t<\/div>\n\t\t\t\t<\/div>\n\t\t\t\t<div class=\"elementor-element elementor-element-d2d39b4 elementor-invisible elementor-widget elementor-widget-heading\" data-id=\"d2d39b4\" data-element_type=\"widget\" data-settings=\"{&quot;_animation&quot;:&quot;fadeIn&quot;,&quot;_animation_delay&quot;:200}\" data-widget_type=\"heading.default\">\n\t\t\t\t<div class=\"elementor-widget-container\">\n\t\t\t<style>\/*! elementor - v3.17.0 - 08-11-2023 *\/\n.elementor-heading-title{padding:0;margin:0;line-height:1}.elementor-widget-heading .elementor-heading-title[class*=elementor-size-]>a{color:inherit;font-size:inherit;line-height:inherit}.elementor-widget-heading .elementor-heading-title.elementor-size-small{font-size:15px}.elementor-widget-heading .elementor-heading-title.elementor-size-medium{font-size:19px}.elementor-widget-heading .elementor-heading-title.elementor-size-large{font-size:29px}.elementor-widget-heading .elementor-heading-title.elementor-size-xl{font-size:39px}.elementor-widget-heading .elementor-heading-title.elementor-size-xxl{font-size:59px}<\/style><h2 class=\"elementor-heading-title elementor-size-default\">Craning in Th\u00e9oule-sur-Mer<\/h2>\t\t<\/div>\n\t\t\t\t<\/div>\n\t\t\t\t<div class=\"elementor-element elementor-element-d655042 elementor-invisible elementor-widget elementor-widget-text-editor\" data-id=\"d655042\" data-element_type=\"widget\" data-settings=\"{&quot;_animation&quot;:&quot;fadeIn&quot;,&quot;_animation_delay&quot;:400}\" data-widget_type=\"text-editor.default\">\n\t\t\t\t<div class=\"elementor-widget-container\">\n\t\t\t<style>\/*! elementor - v3.17.0 - 08-11-2023 *\/\n.elementor-widget-text-editor.elementor-drop-cap-view-stacked .elementor-drop-cap{background-color:#69727d;color:#fff}.elementor-widget-text-editor.elementor-drop-cap-view-framed .elementor-drop-cap{color:#69727d;border:3px solid;background-color:transparent}.elementor-widget-text-editor:not(.elementor-drop-cap-view-default) .elementor-drop-cap{margin-top:8px}.elementor-widget-text-editor:not(.elementor-drop-cap-view-default) .elementor-drop-cap-letter{width:1em;height:1em}.elementor-widget-text-editor .elementor-drop-cap{float:left;text-align:center;line-height:1;font-size:50px}.elementor-widget-text-editor .elementor-drop-cap-letter{display:inline-block}<\/style>\t\t\t\t<p class=\" translation-block\">Your BM Yachting shipyard in Th\u00e9oule-sur-Mer has a fully equipped crane area specifically for the complete maintenance of your boat.<\/p>\n<ul>\n<li>REMOVAL FROM THE WATER<\/li>\n<li>LAUNCHING<\/li>\n<li>TRAILER CRANING<\/li>\n<li>UNDER STRAPS<\/li>\n<li>PARKING ON CAREENING AREA&nbsp;<\/li><li>MATTING<\/li>\n<li>DISASSEMBLING THE MAST<\/li>\n<li>ENGINE REMOVAL<\/li>\n<li>ENGINE REST<\/li>\n<li>STABILISATION<\/li>\n<\/ul>\n<p><strong>For any specific request, please <a href=\"https:\/\/bmyachting.fr\/en\/contact-us\/\">contact us<\/a>.<\/strong><\/p>\t\t\t\t\t\t<\/div>\n\t\t\t\t<\/div>\n\t\t\t\t\t<\/div>\n\t\t<\/div>\n\t\t\t\t\t\t\t<\/div>\n\t\t<\/section>\n\t\t\t\t\t\t\t<\/div>","protected":false},"excerpt":{"rendered":"<div class=\"acf-details\"><\/div>","protected":false},"author":1,"featured_media":0,"parent":0,"menu_order":0,"comment_status":"closed","ping_status":"closed","template":"","meta":{"_acf_changed":false,"footnotes":""},"class_list":["post-1512","page","type-page","status-publish","hentry"],"acf":[],"yoast_head":"<!-- This site is optimized with the Yoast SEO plugin v21.5 - https:\/\/yoast.com\/wordpress\/plugins\/seo\/ -->\n<title>Manutentions dans l&#039;Esterel, C\u00f4te d&#039;Azur - BM YACHTING<\/title>\n<meta name=\"description\" content=\"Manutentions Bateau dans l&#039;Esterel, C\u00f4te d&#039;Azur avec BM YACHTING. Aire de car\u00e9nage \u00e0 Th\u00e9oule-sur-Mer.\" \/>\n<meta name=\"robots\" content=\"index, follow, max-snippet:-1, max-image-preview:large, max-video-preview:-1\" \/>\n<link rel=\"canonical\" href=\"https:\/\/bmyachting.fr\/en\/travel-lift\/\" \/>\n<meta property=\"og:locale\" content=\"en_GB\" \/>\n<meta property=\"og:type\" content=\"article\" \/>\n<meta property=\"og:title\" content=\"Manutentions dans l&#039;Esterel, C\u00f4te d&#039;Azur - BM YACHTING\" \/>\n<meta property=\"og:description\" content=\"Manutentions Bateau dans l&#039;Esterel, C\u00f4te d&#039;Azur avec BM YACHTING. Aire de car\u00e9nage \u00e0 Th\u00e9oule-sur-Mer.\" \/>\n<meta property=\"og:url\" content=\"https:\/\/bmyachting.fr\/en\/travel-lift\/\" \/>\n<meta property=\"og:site_name\" content=\"BM YACHTING\" \/>\n<meta property=\"article:modified_time\" content=\"2023-03-27T07:21:18+00:00\" \/>\n<meta name=\"twitter:card\" content=\"summary_large_image\" \/>\n<meta name=\"twitter:label1\" content=\"Estimated reading time\" \/>\n\t<meta name=\"twitter:data1\" content=\"1 minute\" \/>\n<script type=\"application\/ld+json\" class=\"yoast-schema-graph\">{\"@context\":\"https:\/\/schema.org\",\"@graph\":[{\"@type\":\"WebPage\",\"@id\":\"https:\/\/bmyachting.fr\/manutentions\/\",\"url\":\"https:\/\/bmyachting.fr\/manutentions\/\",\"name\":\"Manutentions dans l'Esterel, C\u00f4te d'Azur - BM YACHTING\",\"isPartOf\":{\"@id\":\"https:\/\/bmyachting.fr\/#website\"},\"datePublished\":\"2023-03-05T18:11:52+00:00\",\"dateModified\":\"2023-03-27T07:21:18+00:00\",\"description\":\"Manutentions Bateau dans l'Esterel, C\u00f4te d'Azur avec BM YACHTING. Aire de car\u00e9nage \u00e0 Th\u00e9oule-sur-Mer.\",\"breadcrumb\":{\"@id\":\"https:\/\/bmyachting.fr\/manutentions\/#breadcrumb\"},\"inLanguage\":\"en-GB\",\"potentialAction\":[{\"@type\":\"ReadAction\",\"target\":[\"https:\/\/bmyachting.fr\/manutentions\/\"]}]},{\"@type\":\"BreadcrumbList\",\"@id\":\"https:\/\/bmyachting.fr\/manutentions\/#breadcrumb\",\"itemListElement\":[{\"@type\":\"ListItem\",\"position\":1,\"name\":\"BM Yachting\",\"item\":\"https:\/\/bmyachting.fr\/\"},{\"@type\":\"ListItem\",\"position\":2,\"name\":\"Manutentions\"}]},{\"@type\":\"WebSite\",\"@id\":\"https:\/\/bmyachting.fr\/#website\",\"url\":\"https:\/\/bmyachting.fr\/\",\"name\":\"BM YACHTING\",\"description\":\"Chantier naval Th\u00e9oule-sur-Mer\",\"publisher\":{\"@id\":\"https:\/\/bmyachting.fr\/#organization\"},\"potentialAction\":[{\"@type\":\"SearchAction\",\"target\":{\"@type\":\"EntryPoint\",\"urlTemplate\":\"https:\/\/bmyachting.fr\/?s={search_term_string}\"},\"query-input\":\"required name=search_term_string\"}],\"inLanguage\":\"en-GB\"},{\"@type\":\"Organization\",\"@id\":\"https:\/\/bmyachting.fr\/#organization\",\"name\":\"BM YACHTING\",\"url\":\"https:\/\/bmyachting.fr\/\",\"logo\":{\"@type\":\"ImageObject\",\"inLanguage\":\"en-GB\",\"@id\":\"https:\/\/bmyachting.fr\/#\/schema\/logo\/image\/\",\"url\":\"\",\"contentUrl\":\"\",\"caption\":\"BM YACHTING\"},\"image\":{\"@id\":\"https:\/\/bmyachting.fr\/#\/schema\/logo\/image\/\"}}]}<\/script>\n<!-- \/ Yoast SEO plugin. -->","yoast_head_json":{"title":"Manutentions dans l'Esterel, C\u00f4te d'Azur - BM YACHTING","description":"Manutentions Bateau dans l'Esterel, C\u00f4te d'Azur avec BM YACHTING. Aire de car\u00e9nage \u00e0 Th\u00e9oule-sur-Mer.","robots":{"index":"index","follow":"follow","max-snippet":"max-snippet:-1","max-image-preview":"max-image-preview:large","max-video-preview":"max-video-preview:-1"},"canonical":"https:\/\/bmyachting.fr\/en\/travel-lift\/","og_locale":"en_GB","og_type":"article","og_title":"Manutentions dans l'Esterel, C\u00f4te d'Azur - BM YACHTING","og_description":"Manutentions Bateau dans l'Esterel, C\u00f4te d'Azur avec BM YACHTING. Aire de car\u00e9nage \u00e0 Th\u00e9oule-sur-Mer.","og_url":"https:\/\/bmyachting.fr\/en\/travel-lift\/","og_site_name":"BM YACHTING","article_modified_time":"2023-03-27T07:21:18+00:00","twitter_card":"summary_large_image","twitter_misc":{"Estimated reading time":"1 minute"},"schema":{"@context":"https:\/\/schema.org","@graph":[{"@type":"WebPage","@id":"https:\/\/bmyachting.fr\/manutentions\/","url":"https:\/\/bmyachting.fr\/manutentions\/","name":"Manutentions dans l'Esterel, C\u00f4te d'Azur - BM YACHTING","isPartOf":{"@id":"https:\/\/bmyachting.fr\/#website"},"datePublished":"2023-03-05T18:11:52+00:00","dateModified":"2023-03-27T07:21:18+00:00","description":"Manutentions Bateau dans l'Esterel, C\u00f4te d'Azur avec BM YACHTING. Aire de car\u00e9nage \u00e0 Th\u00e9oule-sur-Mer.","breadcrumb":{"@id":"https:\/\/bmyachting.fr\/manutentions\/#breadcrumb"},"inLanguage":"en-GB","potentialAction":[{"@type":"ReadAction","target":["https:\/\/bmyachting.fr\/manutentions\/"]}]},{"@type":"BreadcrumbList","@id":"https:\/\/bmyachting.fr\/manutentions\/#breadcrumb","itemListElement":[{"@type":"ListItem","position":1,"name":"BM Yachting","item":"https:\/\/bmyachting.fr\/"},{"@type":"ListItem","position":2,"name":"Manutentions"}]},{"@type":"WebSite","@id":"https:\/\/bmyachting.fr\/#website","url":"https:\/\/bmyachting.fr\/","name":"BM YACHTING","description":"Chantier naval Th\u00e9oule-sur-Mer","publisher":{"@id":"https:\/\/bmyachting.fr\/#organization"},"potentialAction":[{"@type":"SearchAction","target":{"@type":"EntryPoint","urlTemplate":"https:\/\/bmyachting.fr\/?s={search_term_string}"},"query-input":"required name=search_term_string"}],"inLanguage":"en-GB"},{"@type":"Organization","@id":"https:\/\/bmyachting.fr\/#organization","name":"BM YACHTING","url":"https:\/\/bmyachting.fr\/","logo":{"@type":"ImageObject","inLanguage":"en-GB","@id":"https:\/\/bmyachting.fr\/#\/schema\/logo\/image\/","url":"","contentUrl":"","caption":"BM YACHTING"},"image":{"@id":"https:\/\/bmyachting.fr\/#\/schema\/logo\/image\/"}}]}},"_links":{"self":[{"href":"https:\/\/bmyachting.fr\/en\/wp-json\/wp\/v2\/pages\/1512","targetHints":{"allow":["GET"]}}],"collection":[{"href":"https:\/\/bmyachting.fr\/en\/wp-json\/wp\/v2\/pages"}],"about":[{"href":"https:\/\/bmyachting.fr\/en\/wp-json\/wp\/v2\/types\/page"}],"author":[{"embeddable":true,"href":"https:\/\/bmyachting.fr\/en\/wp-json\/wp\/v2\/users\/1"}],"replies":[{"embeddable":true,"href":"https:\/\/bmyachting.fr\/en\/wp-json\/wp\/v2\/comments?post=1512"}],"version-history":[{"count":0,"href":"https:\/\/bmyachting.fr\/en\/wp-json\/wp\/v2\/pages\/1512\/revisions"}],"wp:attachment":[{"href":"https:\/\/bmyachting.fr\/en\/wp-json\/wp\/v2\/media?parent=1512"}],"curies":[{"name":"wp","href":"https:\/\/api.w.org\/{rel}","templated":true}]}}