{"id":5356,"date":"2024-10-07T16:56:09","date_gmt":"2024-10-07T14:56:09","guid":{"rendered":"https:\/\/bmyachting.fr\/?page_id=5356"},"modified":"2024-12-13T16:08:47","modified_gmt":"2024-12-13T15:08:47","slug":"bateaux-neufs-stock","status":"publish","type":"page","link":"https:\/\/bmyachting.fr\/en\/new-boats-stock\/","title":{"rendered":"New boats in stock"},"content":{"rendered":"<div data-elementor-type=\"wp-page\" data-elementor-id=\"5356\" class=\"elementor elementor-5356\">\n\t\t\t\t\t\t\t\t\t<section class=\"elementor-section elementor-top-section elementor-element elementor-element-8dcd87e elementor-section-height-min-height elementor-section-boxed elementor-section-height-default elementor-section-items-middle\" data-id=\"8dcd87e\" data-element_type=\"section\" data-settings=\"{&quot;background_background&quot;:&quot;classic&quot;}\">\n\t\t\t\t\t\t\t<div class=\"elementor-background-overlay\"><\/div>\n\t\t\t\t\t\t\t<div class=\"elementor-container elementor-column-gap-extended\">\n\t\t\t\t\t<div class=\"elementor-column elementor-col-100 elementor-top-column elementor-element elementor-element-f26696e\" data-id=\"f26696e\" data-element_type=\"column\">\n\t\t\t<div class=\"elementor-widget-wrap elementor-element-populated\">\n\t\t\t\t\t\t\t\t<div class=\"elementor-element elementor-element-93c705d elementor-widget elementor-widget-heading\" data-id=\"93c705d\" data-element_type=\"widget\" data-widget_type=\"heading.default\">\n\t\t\t\t<div class=\"elementor-widget-container\">\n\t\t\t<style>\/*! elementor - v3.17.0 - 08-11-2023 *\/\n.elementor-heading-title{padding:0;margin:0;line-height:1}.elementor-widget-heading .elementor-heading-title[class*=elementor-size-]>a{color:inherit;font-size:inherit;line-height:inherit}.elementor-widget-heading .elementor-heading-title.elementor-size-small{font-size:15px}.elementor-widget-heading .elementor-heading-title.elementor-size-medium{font-size:19px}.elementor-widget-heading .elementor-heading-title.elementor-size-large{font-size:29px}.elementor-widget-heading .elementor-heading-title.elementor-size-xl{font-size:39px}.elementor-widget-heading .elementor-heading-title.elementor-size-xxl{font-size:59px}<\/style><h1 class=\"elementor-heading-title elementor-size-default\">New boats - Brands<\/h1>\t\t<\/div>\n\t\t\t\t<\/div>\n\t\t\t\t<div class=\"elementor-element elementor-element-1bfb37c elementor-icon-list--layout-inline elementor-align-center elementor-list-item-link-full_width elementor-invisible elementor-widget elementor-widget-icon-list\" data-id=\"1bfb37c\" data-element_type=\"widget\" data-settings=\"{&quot;_animation&quot;:&quot;fadeIn&quot;,&quot;_animation_delay&quot;:200}\" data-widget_type=\"icon-list.default\">\n\t\t\t\t<div class=\"elementor-widget-container\">\n\t\t\t<link rel=\"stylesheet\" href=\"https:\/\/bmyachting.fr\/wp-content\/plugins\/elementor\/assets\/css\/widget-icon-list.min.css\">\t\t<ul class=\"elementor-icon-list-items elementor-inline-items\">\n\t\t\t\t\t\t\t<li class=\"elementor-icon-list-item elementor-inline-item\">\n\t\t\t\t\t\t\t\t\t\t\t<a href=\"\/en\/\">\n\n\t\t\t\t\t\t\t\t\t\t\t<span class=\"elementor-icon-list-text\">Home<\/span>\n\t\t\t\t\t\t\t\t\t\t\t<\/a>\n\t\t\t\t\t\t\t\t\t<\/li>\n\t\t\t\t\t\t\t\t<li class=\"elementor-icon-list-item elementor-inline-item\">\n\t\t\t\t\t\t\t\t\t\t\t<span class=\"elementor-icon-list-icon\">\n\t\t\t\t\t\t\t<i aria-hidden=\"true\" class=\"icon icon-right-arrow2\"><\/i>\t\t\t\t\t\t<\/span>\n\t\t\t\t\t\t\t\t\t\t<span class=\"elementor-icon-list-text\">new boats<\/span>\n\t\t\t\t\t\t\t\t\t<\/li>\n\t\t\t\t\t\t<\/ul>\n\t\t\t\t<\/div>\n\t\t\t\t<\/div>\n\t\t\t\t\t<\/div>\n\t\t<\/div>\n\t\t\t\t\t\t\t<\/div>\n\t\t<\/section>\n\t\t\t\t<section class=\"elementor-section elementor-top-section elementor-element elementor-element-10baae8 elementor-section-boxed elementor-section-height-default elementor-section-height-default\" data-id=\"10baae8\" data-element_type=\"section\">\n\t\t\t\t\t\t<div class=\"elementor-container elementor-column-gap-extended\">\n\t\t\t\t\t<div class=\"elementor-column elementor-col-100 elementor-top-column elementor-element elementor-element-14ab413\" data-id=\"14ab413\" data-element_type=\"column\">\n\t\t\t<div class=\"elementor-widget-wrap elementor-element-populated\">\n\t\t\t\t\t\t\t\t<div class=\"elementor-element elementor-element-525b5fa elementor-widget elementor-widget-heading\" data-id=\"525b5fa\" data-element_type=\"widget\" data-widget_type=\"heading.default\">\n\t\t\t\t<div class=\"elementor-widget-container\">\n\t\t\t<h2 class=\"elementor-heading-title elementor-size-default\">Select a brand<\/h2>\t\t<\/div>\n\t\t\t\t<\/div>\n\t\t\t\t<div class=\"elementor-element elementor-element-aaef02e elementor-widget__width-initial elementor-widget elementor-widget-text-editor\" data-id=\"aaef02e\" data-element_type=\"widget\" data-widget_type=\"text-editor.default\">\n\t\t\t\t<div class=\"elementor-widget-container\">\n\t\t\t<style>\/*! elementor - v3.17.0 - 08-11-2023 *\/\n.elementor-widget-text-editor.elementor-drop-cap-view-stacked .elementor-drop-cap{background-color:#69727d;color:#fff}.elementor-widget-text-editor.elementor-drop-cap-view-framed .elementor-drop-cap{color:#69727d;border:3px solid;background-color:transparent}.elementor-widget-text-editor:not(.elementor-drop-cap-view-default) .elementor-drop-cap{margin-top:8px}.elementor-widget-text-editor:not(.elementor-drop-cap-view-default) .elementor-drop-cap-letter{width:1em;height:1em}.elementor-widget-text-editor .elementor-drop-cap{float:left;text-align:center;line-height:1;font-size:50px}.elementor-widget-text-editor .elementor-drop-cap-letter{display:inline-block}<\/style>\t\t\t\t<p><strong>B<\/strong><b>M YACHTING<\/b>, reseller of the brands:<\/p>\t\t\t\t\t\t<\/div>\n\t\t\t\t<\/div>\n\t\t\t\t<div class=\"elementor-element elementor-element-b0a0868 elementor-grid-3 elementor-grid-tablet-3 elementor-grid-mobile-2 elementor-products-grid elementor-wc-products elementor-widget elementor-widget-wc-categories\" data-id=\"b0a0868\" data-element_type=\"widget\" data-widget_type=\"wc-categories.default\">\n\t\t\t\t<div class=\"elementor-widget-container\">\n\t\t\t<div class=\"woocommerce columns-3\"><ul class=\"products elementor-grid columns-3\">\n<li class=\"product-category product first\">\n\t\t\t<div class=\"post_item post_layout_thumbs\">\n\t\t\t<div class=\"post_featured hover_shop\">\n\t\t\t\t\t\t\t\t<a href=\"https:\/\/bmyachting.fr\/en\/boat\/new-boats\/aqvaboats\/\">\n\t\t\t\t<img decoding=\"async\" src=\"https:\/\/bmyachting.fr\/wp-content\/uploads\/2024\/11\/aqvaboats.webp\" alt=\"Aqvaboats\" width=\"600\" height=\"450\" \/>\t\t\t\t<\/a>\n\t\t\t\t\t\t\t\t\t<div class=\"mask\"><\/div>\n\t\t\t\t\t\t\t\t<div class=\"icons\">\n\t\t\t\t\t\t\t\t<a href=\"https:\/\/bmyachting.fr\/en\/boat\/new-boats\/aqvaboats\/\" aria-hidden=\"true\" class=\"shop_link button icon-link\">\n\t\t\t\t\t\t\t\t<\/a>\n\t\t\t<\/div>\n\t\t\t\t\t\t<\/div><!-- \/.post_featured -->\n\t\t\t<div class=\"post_data\">\n\t\t\t\t<div class=\"post_data_inner\">\n\t\t\t\t\t<div class=\"post_header entry-header\">\n\t\t\t\t\t\t\t\t<a href=\"https:\/\/bmyachting.fr\/en\/boat\/new-boats\/aqvaboats\/\">\n\t\t\t\t\t<h2 class=\"woocommerce-loop-category__title\">\n\t\t\tAqvaboats\t\t<\/h2>\n\t\t\t\t\t<\/a>\n\t\t\t\t\t\t<\/div><!-- \/.post_header -->\n\t\t\t\t\t\t<\/div><!-- \/.post_data_inner -->\n\t\t\t<\/div><!-- \/.post_data -->\n\t\t<\/div><!-- \/.post_item -->\n\t\t<\/li>\n<li class=\"product-category product\">\n\t\t\t<div class=\"post_item post_layout_thumbs\">\n\t\t\t<div class=\"post_featured hover_shop\">\n\t\t\t\t\t\t\t\t<a href=\"https:\/\/bmyachting.fr\/en\/boat\/new-boats\/axis-boats\/\">\n\t\t\t\t<img decoding=\"async\" src=\"https:\/\/bmyachting.fr\/wp-content\/uploads\/2024\/11\/axis-wake-logo.png\" alt=\"Axis boats\" width=\"600\" height=\"450\" \/>\t\t\t\t<\/a>\n\t\t\t\t\t\t\t\t\t<div class=\"mask\"><\/div>\n\t\t\t\t\t\t\t\t<div class=\"icons\">\n\t\t\t\t\t\t\t\t<a href=\"https:\/\/bmyachting.fr\/en\/boat\/new-boats\/axis-boats\/\" aria-hidden=\"true\" class=\"shop_link button icon-link\">\n\t\t\t\t\t\t\t\t<\/a>\n\t\t\t<\/div>\n\t\t\t\t\t\t<\/div><!-- \/.post_featured -->\n\t\t\t<div class=\"post_data\">\n\t\t\t\t<div class=\"post_data_inner\">\n\t\t\t\t\t<div class=\"post_header entry-header\">\n\t\t\t\t\t\t\t\t<a href=\"https:\/\/bmyachting.fr\/en\/boat\/new-boats\/axis-boats\/\">\n\t\t\t\t\t<h2 class=\"woocommerce-loop-category__title\">\n\t\t\tAxis boats\t\t<\/h2>\n\t\t\t\t\t<\/a>\n\t\t\t\t\t\t<\/div><!-- \/.post_header -->\n\t\t\t\t\t\t<\/div><!-- \/.post_data_inner -->\n\t\t\t<\/div><!-- \/.post_data -->\n\t\t<\/div><!-- \/.post_item -->\n\t\t<\/li>\n<li class=\"product-category product last\">\n\t\t\t<div class=\"post_item post_layout_thumbs\">\n\t\t\t<div class=\"post_featured hover_shop\">\n\t\t\t\t\t\t\t\t<a href=\"https:\/\/bmyachting.fr\/en\/boat\/new-boats\/brig\/\">\n\t\t\t\t<img decoding=\"async\" src=\"https:\/\/bmyachting.fr\/wp-content\/uploads\/2024\/11\/BRIG-Logo.png-600x208.webp\" alt=\"Brig\" width=\"600\" height=\"450\" \/>\t\t\t\t<\/a>\n\t\t\t\t\t\t\t\t\t<div class=\"mask\"><\/div>\n\t\t\t\t\t\t\t\t<div class=\"icons\">\n\t\t\t\t\t\t\t\t<a href=\"https:\/\/bmyachting.fr\/en\/boat\/new-boats\/brig\/\" aria-hidden=\"true\" class=\"shop_link button icon-link\">\n\t\t\t\t\t\t\t\t<\/a>\n\t\t\t<\/div>\n\t\t\t\t\t\t<\/div><!-- \/.post_featured -->\n\t\t\t<div class=\"post_data\">\n\t\t\t\t<div class=\"post_data_inner\">\n\t\t\t\t\t<div class=\"post_header entry-header\">\n\t\t\t\t\t\t\t\t<a href=\"https:\/\/bmyachting.fr\/en\/boat\/new-boats\/brig\/\">\n\t\t\t\t\t<h2 class=\"woocommerce-loop-category__title\">\n\t\t\tBrig <mark class=\"count\">(3)<\/mark>\t\t<\/h2>\n\t\t\t\t\t<\/a>\n\t\t\t\t\t\t<\/div><!-- \/.post_header -->\n\t\t\t\t\t\t<\/div><!-- \/.post_data_inner -->\n\t\t\t<\/div><!-- \/.post_data -->\n\t\t<\/div><!-- \/.post_item -->\n\t\t<\/li>\n<li class=\"product-category product first\">\n\t\t\t<div class=\"post_item post_layout_thumbs\">\n\t\t\t<div class=\"post_featured hover_shop\">\n\t\t\t\t\t\t\t\t<a href=\"https:\/\/bmyachting.fr\/en\/boat\/new-boats\/chaparral-boats\/\">\n\t\t\t\t<img decoding=\"async\" src=\"https:\/\/bmyachting.fr\/wp-content\/uploads\/2024\/11\/Chapparel_Black.png\" alt=\"Chaparral boats\" width=\"600\" height=\"450\" \/>\t\t\t\t<\/a>\n\t\t\t\t\t\t\t\t\t<div class=\"mask\"><\/div>\n\t\t\t\t\t\t\t\t<div class=\"icons\">\n\t\t\t\t\t\t\t\t<a href=\"https:\/\/bmyachting.fr\/en\/boat\/new-boats\/chaparral-boats\/\" aria-hidden=\"true\" class=\"shop_link button icon-link\">\n\t\t\t\t\t\t\t\t<\/a>\n\t\t\t<\/div>\n\t\t\t\t\t\t<\/div><!-- \/.post_featured -->\n\t\t\t<div class=\"post_data\">\n\t\t\t\t<div class=\"post_data_inner\">\n\t\t\t\t\t<div class=\"post_header entry-header\">\n\t\t\t\t\t\t\t\t<a href=\"https:\/\/bmyachting.fr\/en\/boat\/new-boats\/chaparral-boats\/\">\n\t\t\t\t\t<h2 class=\"woocommerce-loop-category__title\">\n\t\t\tChaparral boats\t\t<\/h2>\n\t\t\t\t\t<\/a>\n\t\t\t\t\t\t<\/div><!-- \/.post_header -->\n\t\t\t\t\t\t<\/div><!-- \/.post_data_inner -->\n\t\t\t<\/div><!-- \/.post_data -->\n\t\t<\/div><!-- \/.post_item -->\n\t\t<\/li>\n<li class=\"product-category product\">\n\t\t\t<div class=\"post_item post_layout_thumbs\">\n\t\t\t<div class=\"post_featured hover_shop\">\n\t\t\t\t\t\t\t\t<a href=\"https:\/\/bmyachting.fr\/en\/boat\/new-boats\/iron-boats\/\">\n\t\t\t\t<img decoding=\"async\" src=\"https:\/\/bmyachting.fr\/wp-content\/uploads\/2025\/05\/images.jpeg\" alt=\"IRON BOATS\" width=\"600\" height=\"450\" \/>\t\t\t\t<\/a>\n\t\t\t\t\t\t\t\t\t<div class=\"mask\"><\/div>\n\t\t\t\t\t\t\t\t<div class=\"icons\">\n\t\t\t\t\t\t\t\t<a href=\"https:\/\/bmyachting.fr\/en\/boat\/new-boats\/iron-boats\/\" aria-hidden=\"true\" class=\"shop_link button icon-link\">\n\t\t\t\t\t\t\t\t<\/a>\n\t\t\t<\/div>\n\t\t\t\t\t\t<\/div><!-- \/.post_featured -->\n\t\t\t<div class=\"post_data\">\n\t\t\t\t<div class=\"post_data_inner\">\n\t\t\t\t\t<div class=\"post_header entry-header\">\n\t\t\t\t\t\t\t\t<a href=\"https:\/\/bmyachting.fr\/en\/boat\/new-boats\/iron-boats\/\">\n\t\t\t\t\t<h2 class=\"woocommerce-loop-category__title\">\n\t\t\tIRON BOATS <mark class=\"count\">(1)<\/mark>\t\t<\/h2>\n\t\t\t\t\t<\/a>\n\t\t\t\t\t\t<\/div><!-- \/.post_header -->\n\t\t\t\t\t\t<\/div><!-- \/.post_data_inner -->\n\t\t\t<\/div><!-- \/.post_data -->\n\t\t<\/div><!-- \/.post_item -->\n\t\t<\/li>\n<li class=\"product-category product last\">\n\t\t\t<div class=\"post_item post_layout_thumbs\">\n\t\t\t<div class=\"post_featured hover_shop\">\n\t\t\t\t\t\t\t\t<a href=\"https:\/\/bmyachting.fr\/en\/boat\/new-boats\/malibu-boats\/\">\n\t\t\t\t<img decoding=\"async\" src=\"https:\/\/bmyachting.fr\/wp-content\/uploads\/2024\/11\/malibu-boats-logo-55FC50256B-seeklogo.com_.png\" alt=\"Malibu boats\" width=\"600\" height=\"450\" \/>\t\t\t\t<\/a>\n\t\t\t\t\t\t\t\t\t<div class=\"mask\"><\/div>\n\t\t\t\t\t\t\t\t<div class=\"icons\">\n\t\t\t\t\t\t\t\t<a href=\"https:\/\/bmyachting.fr\/en\/boat\/new-boats\/malibu-boats\/\" aria-hidden=\"true\" class=\"shop_link button icon-link\">\n\t\t\t\t\t\t\t\t<\/a>\n\t\t\t<\/div>\n\t\t\t\t\t\t<\/div><!-- \/.post_featured -->\n\t\t\t<div class=\"post_data\">\n\t\t\t\t<div class=\"post_data_inner\">\n\t\t\t\t\t<div class=\"post_header entry-header\">\n\t\t\t\t\t\t\t\t<a href=\"https:\/\/bmyachting.fr\/en\/boat\/new-boats\/malibu-boats\/\">\n\t\t\t\t\t<h2 class=\"woocommerce-loop-category__title\">\n\t\t\tMalibu boats\t\t<\/h2>\n\t\t\t\t\t<\/a>\n\t\t\t\t\t\t<\/div><!-- \/.post_header -->\n\t\t\t\t\t\t<\/div><!-- \/.post_data_inner -->\n\t\t\t<\/div><!-- \/.post_data -->\n\t\t<\/div><!-- \/.post_item -->\n\t\t<\/li>\n<li class=\"product-category product first\">\n\t\t\t<div class=\"post_item post_layout_thumbs\">\n\t\t\t<div class=\"post_featured hover_shop\">\n\t\t\t\t\t\t\t\t<a href=\"https:\/\/bmyachting.fr\/en\/boat\/new-boats\/nautique-boats\/\">\n\t\t\t\t<img decoding=\"async\" src=\"https:\/\/bmyachting.fr\/wp-content\/uploads\/2024\/11\/nautique-boats.jpeg\" alt=\"Nautical boats\" width=\"600\" height=\"450\" \/>\t\t\t\t<\/a>\n\t\t\t\t\t\t\t\t\t<div class=\"mask\"><\/div>\n\t\t\t\t\t\t\t\t<div class=\"icons\">\n\t\t\t\t\t\t\t\t<a href=\"https:\/\/bmyachting.fr\/en\/boat\/new-boats\/nautique-boats\/\" aria-hidden=\"true\" class=\"shop_link button icon-link\">\n\t\t\t\t\t\t\t\t<\/a>\n\t\t\t<\/div>\n\t\t\t\t\t\t<\/div><!-- \/.post_featured -->\n\t\t\t<div class=\"post_data\">\n\t\t\t\t<div class=\"post_data_inner\">\n\t\t\t\t\t<div class=\"post_header entry-header\">\n\t\t\t\t\t\t\t\t<a href=\"https:\/\/bmyachting.fr\/en\/boat\/new-boats\/nautique-boats\/\">\n\t\t\t\t\t<h2 class=\"woocommerce-loop-category__title\">\n\t\t\tNautical boats\t\t<\/h2>\n\t\t\t\t\t<\/a>\n\t\t\t\t\t\t<\/div><!-- \/.post_header -->\n\t\t\t\t\t\t<\/div><!-- \/.post_data_inner -->\n\t\t\t<\/div><!-- \/.post_data -->\n\t\t<\/div><!-- \/.post_item -->\n\t\t<\/li>\n<li class=\"product-category product\">\n\t\t\t<div class=\"post_item post_layout_thumbs\">\n\t\t\t<div class=\"post_featured hover_shop\">\n\t\t\t\t\t\t\t\t<a href=\"https:\/\/bmyachting.fr\/en\/boat\/new-boats\/virtue-yachts\/\">\n\t\t\t\t<img decoding=\"async\" src=\"https:\/\/bmyachting.fr\/wp-content\/uploads\/2024\/11\/652b126b79cbf4ed07a4a6a4_virtue-logo-black.svg\" alt=\"Virtue Yachts\" width=\"600\" height=\"450\" \/>\t\t\t\t<\/a>\n\t\t\t\t\t\t\t\t\t<div class=\"mask\"><\/div>\n\t\t\t\t\t\t\t\t<div class=\"icons\">\n\t\t\t\t\t\t\t\t<a href=\"https:\/\/bmyachting.fr\/en\/boat\/new-boats\/virtue-yachts\/\" aria-hidden=\"true\" class=\"shop_link button icon-link\">\n\t\t\t\t\t\t\t\t<\/a>\n\t\t\t<\/div>\n\t\t\t\t\t\t<\/div><!-- \/.post_featured -->\n\t\t\t<div class=\"post_data\">\n\t\t\t\t<div class=\"post_data_inner\">\n\t\t\t\t\t<div class=\"post_header entry-header\">\n\t\t\t\t\t\t\t\t<a href=\"https:\/\/bmyachting.fr\/en\/boat\/new-boats\/virtue-yachts\/\">\n\t\t\t\t\t<h2 class=\"woocommerce-loop-category__title\">\n\t\t\tVirtue Yachts\t\t<\/h2>\n\t\t\t\t\t<\/a>\n\t\t\t\t\t\t<\/div><!-- \/.post_header -->\n\t\t\t\t\t\t<\/div><!-- \/.post_data_inner -->\n\t\t\t<\/div><!-- \/.post_data -->\n\t\t<\/div><!-- \/.post_item -->\n\t\t<\/li>\n<\/ul>\n<\/div>\t\t<\/div>\n\t\t\t\t<\/div>\n\t\t\t\t\t<\/div>\n\t\t<\/div>\n\t\t\t\t\t\t\t<\/div>\n\t\t<\/section>\n\t\t\t\t\t\t\t<\/div>","protected":false},"excerpt":{"rendered":"<div class=\"acf-details\"><\/div>","protected":false},"author":1,"featured_media":0,"parent":0,"menu_order":0,"comment_status":"closed","ping_status":"closed","template":"","meta":{"_acf_changed":false,"footnotes":""},"class_list":["post-5356","page","type-page","status-publish","hentry"],"acf":[],"yoast_head":"<!-- This site is optimized with the Yoast SEO plugin v21.5 - https:\/\/yoast.com\/wordpress\/plugins\/seo\/ -->\n<title>Bateaux neufs en stock - BM YACHTING<\/title>\n<meta name=\"description\" content=\"Bateaux neufs en stock avec BM Yachting situ\u00e9 sur la C\u00f4te-d&#039;Azur, \u00e0 Th\u00e9oule-sur-Mer pr\u00e8s de Cannes (06). Contactez-nous.\" \/>\n<meta name=\"robots\" content=\"index, follow, max-snippet:-1, max-image-preview:large, max-video-preview:-1\" \/>\n<link rel=\"canonical\" href=\"https:\/\/bmyachting.fr\/en\/new-boats-stock\/\" \/>\n<meta property=\"og:locale\" content=\"en_GB\" \/>\n<meta property=\"og:type\" content=\"article\" \/>\n<meta property=\"og:title\" content=\"Bateaux neufs en stock - BM YACHTING\" \/>\n<meta property=\"og:description\" content=\"Bateaux neufs en stock avec BM Yachting situ\u00e9 sur la C\u00f4te-d&#039;Azur, \u00e0 Th\u00e9oule-sur-Mer pr\u00e8s de Cannes (06). Contactez-nous.\" \/>\n<meta property=\"og:url\" content=\"https:\/\/bmyachting.fr\/en\/new-boats-stock\/\" \/>\n<meta property=\"og:site_name\" content=\"BM YACHTING\" \/>\n<meta property=\"article:modified_time\" content=\"2024-12-13T15:08:47+00:00\" \/>\n<meta name=\"twitter:card\" content=\"summary_large_image\" \/>\n<meta name=\"twitter:label1\" content=\"Estimated reading time\" \/>\n\t<meta name=\"twitter:data1\" content=\"2 minutes\" \/>\n<script type=\"application\/ld+json\" class=\"yoast-schema-graph\">{\"@context\":\"https:\/\/schema.org\",\"@graph\":[{\"@type\":\"WebPage\",\"@id\":\"https:\/\/bmyachting.fr\/bateaux-neufs-stock\/\",\"url\":\"https:\/\/bmyachting.fr\/bateaux-neufs-stock\/\",\"name\":\"Bateaux neufs en stock - BM YACHTING\",\"isPartOf\":{\"@id\":\"https:\/\/bmyachting.fr\/#website\"},\"datePublished\":\"2024-10-07T14:56:09+00:00\",\"dateModified\":\"2024-12-13T15:08:47+00:00\",\"description\":\"Bateaux neufs en stock avec BM Yachting situ\u00e9 sur la C\u00f4te-d'Azur, \u00e0 Th\u00e9oule-sur-Mer pr\u00e8s de Cannes (06). Contactez-nous.\",\"breadcrumb\":{\"@id\":\"https:\/\/bmyachting.fr\/bateaux-neufs-stock\/#breadcrumb\"},\"inLanguage\":\"en-GB\",\"potentialAction\":[{\"@type\":\"ReadAction\",\"target\":[\"https:\/\/bmyachting.fr\/bateaux-neufs-stock\/\"]}]},{\"@type\":\"BreadcrumbList\",\"@id\":\"https:\/\/bmyachting.fr\/bateaux-neufs-stock\/#breadcrumb\",\"itemListElement\":[{\"@type\":\"ListItem\",\"position\":1,\"name\":\"BM Yachting\",\"item\":\"https:\/\/bmyachting.fr\/\"},{\"@type\":\"ListItem\",\"position\":2,\"name\":\"Bateaux neufs en stock\"}]},{\"@type\":\"WebSite\",\"@id\":\"https:\/\/bmyachting.fr\/#website\",\"url\":\"https:\/\/bmyachting.fr\/\",\"name\":\"BM YACHTING\",\"description\":\"Chantier naval Th\u00e9oule-sur-Mer\",\"publisher\":{\"@id\":\"https:\/\/bmyachting.fr\/#organization\"},\"potentialAction\":[{\"@type\":\"SearchAction\",\"target\":{\"@type\":\"EntryPoint\",\"urlTemplate\":\"https:\/\/bmyachting.fr\/?s={search_term_string}\"},\"query-input\":\"required name=search_term_string\"}],\"inLanguage\":\"en-GB\"},{\"@type\":\"Organization\",\"@id\":\"https:\/\/bmyachting.fr\/#organization\",\"name\":\"BM YACHTING\",\"url\":\"https:\/\/bmyachting.fr\/\",\"logo\":{\"@type\":\"ImageObject\",\"inLanguage\":\"en-GB\",\"@id\":\"https:\/\/bmyachting.fr\/#\/schema\/logo\/image\/\",\"url\":\"\",\"contentUrl\":\"\",\"caption\":\"BM YACHTING\"},\"image\":{\"@id\":\"https:\/\/bmyachting.fr\/#\/schema\/logo\/image\/\"}}]}<\/script>\n<!-- \/ Yoast SEO plugin. -->","yoast_head_json":{"title":"Bateaux neufs en stock - BM YACHTING","description":"Bateaux neufs en stock avec BM Yachting situ\u00e9 sur la C\u00f4te-d'Azur, \u00e0 Th\u00e9oule-sur-Mer pr\u00e8s de Cannes (06). Contactez-nous.","robots":{"index":"index","follow":"follow","max-snippet":"max-snippet:-1","max-image-preview":"max-image-preview:large","max-video-preview":"max-video-preview:-1"},"canonical":"https:\/\/bmyachting.fr\/en\/new-boats-stock\/","og_locale":"en_GB","og_type":"article","og_title":"Bateaux neufs en stock - BM YACHTING","og_description":"Bateaux neufs en stock avec BM Yachting situ\u00e9 sur la C\u00f4te-d'Azur, \u00e0 Th\u00e9oule-sur-Mer pr\u00e8s de Cannes (06). Contactez-nous.","og_url":"https:\/\/bmyachting.fr\/en\/new-boats-stock\/","og_site_name":"BM YACHTING","article_modified_time":"2024-12-13T15:08:47+00:00","twitter_card":"summary_large_image","twitter_misc":{"Estimated reading time":"2 minutes"},"schema":{"@context":"https:\/\/schema.org","@graph":[{"@type":"WebPage","@id":"https:\/\/bmyachting.fr\/bateaux-neufs-stock\/","url":"https:\/\/bmyachting.fr\/bateaux-neufs-stock\/","name":"Bateaux neufs en stock - BM YACHTING","isPartOf":{"@id":"https:\/\/bmyachting.fr\/#website"},"datePublished":"2024-10-07T14:56:09+00:00","dateModified":"2024-12-13T15:08:47+00:00","description":"Bateaux neufs en stock avec BM Yachting situ\u00e9 sur la C\u00f4te-d'Azur, \u00e0 Th\u00e9oule-sur-Mer pr\u00e8s de Cannes (06). Contactez-nous.","breadcrumb":{"@id":"https:\/\/bmyachting.fr\/bateaux-neufs-stock\/#breadcrumb"},"inLanguage":"en-GB","potentialAction":[{"@type":"ReadAction","target":["https:\/\/bmyachting.fr\/bateaux-neufs-stock\/"]}]},{"@type":"BreadcrumbList","@id":"https:\/\/bmyachting.fr\/bateaux-neufs-stock\/#breadcrumb","itemListElement":[{"@type":"ListItem","position":1,"name":"BM Yachting","item":"https:\/\/bmyachting.fr\/"},{"@type":"ListItem","position":2,"name":"Bateaux neufs en stock"}]},{"@type":"WebSite","@id":"https:\/\/bmyachting.fr\/#website","url":"https:\/\/bmyachting.fr\/","name":"BM YACHTING","description":"Chantier naval Th\u00e9oule-sur-Mer","publisher":{"@id":"https:\/\/bmyachting.fr\/#organization"},"potentialAction":[{"@type":"SearchAction","target":{"@type":"EntryPoint","urlTemplate":"https:\/\/bmyachting.fr\/?s={search_term_string}"},"query-input":"required name=search_term_string"}],"inLanguage":"en-GB"},{"@type":"Organization","@id":"https:\/\/bmyachting.fr\/#organization","name":"BM YACHTING","url":"https:\/\/bmyachting.fr\/","logo":{"@type":"ImageObject","inLanguage":"en-GB","@id":"https:\/\/bmyachting.fr\/#\/schema\/logo\/image\/","url":"","contentUrl":"","caption":"BM YACHTING"},"image":{"@id":"https:\/\/bmyachting.fr\/#\/schema\/logo\/image\/"}}]}},"_links":{"self":[{"href":"https:\/\/bmyachting.fr\/en\/wp-json\/wp\/v2\/pages\/5356","targetHints":{"allow":["GET"]}}],"collection":[{"href":"https:\/\/bmyachting.fr\/en\/wp-json\/wp\/v2\/pages"}],"about":[{"href":"https:\/\/bmyachting.fr\/en\/wp-json\/wp\/v2\/types\/page"}],"author":[{"embeddable":true,"href":"https:\/\/bmyachting.fr\/en\/wp-json\/wp\/v2\/users\/1"}],"replies":[{"embeddable":true,"href":"https:\/\/bmyachting.fr\/en\/wp-json\/wp\/v2\/comments?post=5356"}],"version-history":[{"count":3,"href":"https:\/\/bmyachting.fr\/en\/wp-json\/wp\/v2\/pages\/5356\/revisions"}],"predecessor-version":[{"id":5848,"href":"https:\/\/bmyachting.fr\/en\/wp-json\/wp\/v2\/pages\/5356\/revisions\/5848"}],"wp:attachment":[{"href":"https:\/\/bmyachting.fr\/en\/wp-json\/wp\/v2\/media?parent=5356"}],"curies":[{"name":"wp","href":"https:\/\/api.w.org\/{rel}","templated":true}]}}